{"id":26,"date":"2022-10-09T17:45:26","date_gmt":"2022-10-09T17:45:26","guid":{"rendered":"http:\/\/gecalligraphers.com\/?page_id=26"},"modified":"2024-07-26T07:44:14","modified_gmt":"2024-07-26T07:44:14","slug":"%e1%83%99%e1%83%90%e1%83%9a%e1%83%98%e1%83%92%e1%83%a0%e1%83%90%e1%83%a4%e1%83%94%e1%83%91%e1%83%98","status":"publish","type":"page","link":"https:\/\/gecalligraphy.com\/en\/%e1%83%99%e1%83%90%e1%83%9a%e1%83%98%e1%83%92%e1%83%a0%e1%83%90%e1%83%a4%e1%83%94%e1%83%91%e1%83%98\/","title":{"rendered":"Calligraphers"},"content":{"rendered":"<p><\/p>\n\n\n<div class=\"tmm tmm_%e1%83%99%e1%83%90%e1%83%9a%e1%83%98%e1%83%92%e1%83%a0%e1%83%90%e1%83%a4%e1%83%94%e1%83%91%e1%83%98\"><div class=\"tmm_3_columns tmm_wrap tmm_plugin_f\"><span class=\"tmm_two_containers_tablet\"><\/span><div class=\"tmm_container\"><div class=\"tmm_member\" style=\"border-top:#333333 solid 5px;\"><a target=\"_blank\" href=\"https:\/\/gecalligraphy.com\/en\/leila-baghbaia\/\" title=\"\u10da\u10d4\u10d8\u10da\u10d0  \u10d1\u10d0\u10e6\u10d1\u10d0\u10d8\u10d0\"><div class=\"tmm_photo tmm_pic_%e1%83%99%e1%83%90%e1%83%9a%e1%83%98%e1%83%92%e1%83%a0%e1%83%90%e1%83%a4%e1%83%94%e1%83%91%e1%83%98_0\" style=\"background: url(http:\/\/gecalligraphy.com\/wp-content\/uploads\/2023\/02\/1664998427260.jpg); margin-left: auto; margin-right:auto; background-size:cover !important;\"><\/div><\/a><div class=\"tmm_textblock\"><div class=\"tmm_names\"><span class=\"tmm_fname\">Leila <\/span> <span class=\"tmm_lname\">Baghbaia<\/span><\/div><div class=\"tmm_job\">Calligrapher<\/div><div class=\"tmm_scblock\"><\/div><\/div><\/div><div class=\"tmm_member\" style=\"border-top:#333333 solid 5px;\"><a target=\"_blank\" href=\"https:\/\/gecalligraphy.com\/en\/gio-gorgiashvili\/\" title=\"\u10d2\u10d8\u10dd \u10d2\u10dd\u10e0\u10d2\u10d8\u10d0\u10e8\u10d5\u10d8\u10da\u10d8\"><div class=\"tmm_photo tmm_pic_%e1%83%99%e1%83%90%e1%83%9a%e1%83%98%e1%83%92%e1%83%a0%e1%83%90%e1%83%a4%e1%83%94%e1%83%91%e1%83%98_1\" style=\"background: url(http:\/\/gecalligraphy.com\/wp-content\/uploads\/2023\/02\/IMG-20220822-WA0020.jpg); margin-left: auto; margin-right:auto; background-size:cover !important;\"><\/div><\/a><div class=\"tmm_textblock\"><div class=\"tmm_names\"><span class=\"tmm_fname\">Gio<\/span> <span class=\"tmm_lname\">Gorgiashvili<\/span><\/div><div class=\"tmm_job\">Calligrapher, Member of Board of Directors<\/div><div class=\"tmm_scblock\"><\/div><\/div><\/div><span class=\"tmm_two_containers_tablet\"><\/span><div class=\"tmm_member\" style=\"border-top:#333333 solid 5px;\"><a target=\"_blank\" href=\"https:\/\/gecalligraphy.com\/en\/ana-gokadze\/\" title=\"\u10d0\u10dc\u10d0 \u10d2\u10dd\u10e5\u10d0\u10eb\u10d4\"><div class=\"tmm_photo tmm_pic_%e1%83%99%e1%83%90%e1%83%9a%e1%83%98%e1%83%92%e1%83%a0%e1%83%90%e1%83%a4%e1%83%94%e1%83%91%e1%83%98_2\" style=\"background: url(http:\/\/gecalligraphy.com\/wp-content\/uploads\/2022\/11\/Screenshot_20221008_231510.jpg); margin-left: auto; margin-right:auto; background-size:cover !important;\"><\/div><\/a><div class=\"tmm_textblock\"><div class=\"tmm_names\"><span class=\"tmm_fname\">Ana<\/span> <span class=\"tmm_lname\">Gokadze<\/span><\/div><div class=\"tmm_job\">Calligrapher<\/div><div class=\"tmm_scblock\"><\/div><\/div><\/div><\/div><span class=\"tmm_columns_containers_desktop\"><\/span><div class=\"tmm_container\"><div class=\"tmm_member\" style=\"border-top:#333333 solid 5px;\"><a target=\"_blank\" href=\"https:\/\/gecalligraphy.com\/en\/selami-gumus\/\" title=\"\u10e1\u10d4\u10da\u10d0\u10db\u10d8 \u10d2\u10e3\u10db\u10e3\u10e8\u10d8\"><div class=\"tmm_photo tmm_pic_%e1%83%99%e1%83%90%e1%83%9a%e1%83%98%e1%83%92%e1%83%a0%e1%83%90%e1%83%a4%e1%83%94%e1%83%91%e1%83%98_3\" style=\"background: url(http:\/\/gecalligraphy.com\/wp-content\/uploads\/2023\/02\/IMG_7634.jpg); margin-left: auto; margin-right:auto; background-size:cover !important;\"><\/div><\/a><div class=\"tmm_textblock\"><div class=\"tmm_names\"><span class=\"tmm_fname\">Selami<\/span> <span class=\"tmm_lname\">G\u00fcm\u00fc\u015f<\/span><\/div><div class=\"tmm_job\">Calligrapher<\/div><div class=\"tmm_scblock\"><\/div><\/div><\/div><span class=\"tmm_two_containers_tablet\"><\/span><div class=\"tmm_member\" style=\"border-top:#333333 solid 5px;\"><a target=\"_blank\" href=\"https:\/\/gecalligraphy.com\/en\/niaz-diasamidze\/\" title=\"\u10dc\u10d8\u10d0\u10d6 \u10d3\u10d8\u10d0\u10e1\u10d0\u10db\u10d8\u10eb\u10d4\"><div class=\"tmm_photo tmm_pic_%e1%83%99%e1%83%90%e1%83%9a%e1%83%98%e1%83%92%e1%83%a0%e1%83%90%e1%83%a4%e1%83%94%e1%83%91%e1%83%98_4\" style=\"background: url(http:\/\/gecalligraphers.com\/wp-content\/uploads\/woocommerce-placeholder.png); margin-left: auto; margin-right:auto; background-size:cover !important;\"><\/div><\/a><div class=\"tmm_textblock\"><div class=\"tmm_names\"><span class=\"tmm_fname\">Niaz<\/span> <span class=\"tmm_lname\">Diasamidze<\/span><\/div><div class=\"tmm_job\">Calligrapher<\/div><div class=\"tmm_scblock\"><\/div><\/div><\/div><div class=\"tmm_member\" style=\"border-top:#333333 solid 5px;\"><a target=\"_blank\" href=\"https:\/\/gecalligraphy.com\/en\/vazha-eremeishvili\/\" title=\"\u10d5\u10d0\u10df\u10d0 \u10d4\u10e0\u10d4\u10db\u10d4\u10d8\u10e8\u10d5\u10d8\u10da\u10d8\"><div class=\"tmm_photo tmm_pic_%e1%83%99%e1%83%90%e1%83%9a%e1%83%98%e1%83%92%e1%83%a0%e1%83%90%e1%83%a4%e1%83%94%e1%83%91%e1%83%98_5\" style=\"background: url(http:\/\/gecalligraphy.com\/wp-content\/uploads\/2023\/02\/171520816_1529354693937633_4982812500805136045_n.jpg); margin-left: auto; margin-right:auto; background-size:cover !important;\"><\/div><\/a><div class=\"tmm_textblock\"><div class=\"tmm_names\"><span class=\"tmm_fname\">Vazha<\/span> <span class=\"tmm_lname\">Eremeishvili<\/span><\/div><div class=\"tmm_job\">Calligrapher<\/div><div class=\"tmm_scblock\"><\/div><\/div><\/div><span class=\"tmm_two_containers_tablet\"><\/span><\/div><span class=\"tmm_columns_containers_desktop\"><\/span><div class=\"tmm_container\"><div class=\"tmm_member\" style=\"border-top:#333333 solid 5px;\"><a target=\"_blank\" href=\"https:\/\/gecalligraphy.com\/en\/nini-ikashvili\/\" title=\"\u10dc\u10d8\u10dc\u10d8 \u10d8\u10d9\u10d0\u10e8\u10d5\u10d8\u10da\u10d8\"><div class=\"tmm_photo tmm_pic_%e1%83%99%e1%83%90%e1%83%9a%e1%83%98%e1%83%92%e1%83%a0%e1%83%90%e1%83%a4%e1%83%94%e1%83%91%e1%83%98_6\" style=\"background: url(http:\/\/gecalligraphers.com\/wp-content\/uploads\/woocommerce-placeholder.png); margin-left: auto; margin-right:auto; background-size:cover !important;\"><\/div><\/a><div class=\"tmm_textblock\"><div class=\"tmm_names\"><span class=\"tmm_fname\">Nini<\/span> <span class=\"tmm_lname\">Ikashvili<\/span><\/div><div class=\"tmm_job\">Calligrapher<\/div><div class=\"tmm_scblock\"><\/div><\/div><\/div><div class=\"tmm_member\" style=\"border-top:#333333 solid 5px;\"><a target=\"_blank\" href=\"https:\/\/gecalligraphy.com\/en\/david-maisuradze\/\" title=\"\u10d3\u10d0\u10d5\u10d8\u10d7  \u10db\u10d0\u10d8\u10e1\u10e3\u10e0\u10d0\u10eb\u10d4\"><div class=\"tmm_photo tmm_pic_%e1%83%99%e1%83%90%e1%83%9a%e1%83%98%e1%83%92%e1%83%a0%e1%83%90%e1%83%a4%e1%83%94%e1%83%91%e1%83%98_7\" style=\"background: url(http:\/\/gecalligraphy.com\/wp-content\/uploads\/2023\/02\/10c81370-b13d-4833-a8c6-bf2f0ac322da-e1675917516565.jpg); margin-left: auto; margin-right:auto; background-size:cover !important;\"><\/div><\/a><div class=\"tmm_textblock\"><div class=\"tmm_names\"><span class=\"tmm_fname\">David <\/span> <span class=\"tmm_lname\">Maisuradze<\/span><\/div><div class=\"tmm_job\">Calligrapher, Deputy Director<\/div><div class=\"tmm_scblock\"><\/div><\/div><\/div><span class=\"tmm_two_containers_tablet\"><\/span><div class=\"tmm_member\" style=\"border-top:#333333 solid 5px;\"><a target=\"_blank\" href=\"https:\/\/gecalligraphy.com\/en\/theona-maisuradze\/\" title=\"\u10d7\u10d4\u10dd\u10dc\u10d0 \u10db\u10d0\u10d8\u10e1\u10e3\u10e0\u10d0\u10eb\u10d4\"><div class=\"tmm_photo tmm_pic_%e1%83%99%e1%83%90%e1%83%9a%e1%83%98%e1%83%92%e1%83%a0%e1%83%90%e1%83%a4%e1%83%94%e1%83%91%e1%83%98_8\" style=\"background: url(http:\/\/gecalligraphy.com\/wp-content\/uploads\/2022\/11\/IMG_20220917_215950-scaled.jpg); margin-left: auto; margin-right:auto; background-size:cover !important;\"><\/div><\/a><div class=\"tmm_textblock\"><div class=\"tmm_names\"><span class=\"tmm_fname\">Theona<\/span> <span class=\"tmm_lname\">Maisuradze<\/span><\/div><div class=\"tmm_job\">Calligrapher<\/div><div class=\"tmm_scblock\"><\/div><\/div><\/div><\/div><span class=\"tmm_columns_containers_desktop\"><\/span><div class=\"tmm_container\"><div class=\"tmm_member\" style=\"border-top:#333333 solid 5px;\"><div class=\"tmm_photo tmm_pic_%e1%83%99%e1%83%90%e1%83%9a%e1%83%98%e1%83%92%e1%83%a0%e1%83%90%e1%83%a4%e1%83%94%e1%83%91%e1%83%98_9\" style=\"background: url(http:\/\/gecalligraphy.com\/wp-content\/uploads\/2022\/10\/IMG_20210803_193311-scaled.jpg); margin-left: auto; margin-right:auto; background-size:cover !important;\"><\/div><div class=\"tmm_textblock\"><div class=\"tmm_names\"><span class=\"tmm_fname\">Ana<\/span> <span class=\"tmm_lname\">Mchedlidze<\/span><\/div><div class=\"tmm_job\">Calligrapher<\/div><div class=\"tmm_scblock\"><\/div><\/div><\/div><span class=\"tmm_two_containers_tablet\"><\/span><div class=\"tmm_member\" style=\"border-top:#333333 solid 5px;\"><div class=\"tmm_photo tmm_pic_%e1%83%99%e1%83%90%e1%83%9a%e1%83%98%e1%83%92%e1%83%a0%e1%83%90%e1%83%a4%e1%83%94%e1%83%91%e1%83%98_10\" style=\"background: url(http:\/\/gecalligraphy.com\/wp-content\/uploads\/2022\/11\/2.jpg); margin-left: auto; margin-right:auto; background-size:cover !important;\"><\/div><div class=\"tmm_textblock\"><div class=\"tmm_names\"><span class=\"tmm_fname\">Ana<\/span> <span class=\"tmm_lname\">Sanikidze<\/span><\/div><div class=\"tmm_job\">Calligrapher<\/div><div class=\"tmm_scblock\"><\/div><\/div><\/div><div class=\"tmm_member\" style=\"border-top:#333333 solid 5px;\"><a target=\"_blank\" href=\"https:\/\/gecalligraphy.com\/en\/giorgi-sisauri\/\" title=\"\u10d2\u10d8\u10dd\u10e0\u10d2\u10d8 \u10e1\u10d8\u10e1\u10d0\u10e3\u10e0\u10d8\"><div class=\"tmm_photo tmm_pic_%e1%83%99%e1%83%90%e1%83%9a%e1%83%98%e1%83%92%e1%83%a0%e1%83%90%e1%83%a4%e1%83%94%e1%83%91%e1%83%98_11\" style=\"background: url(http:\/\/gecalligraphy.com\/wp-content\/uploads\/2023\/02\/sisauri.png); margin-left: auto; margin-right:auto; background-size:cover !important;\"><\/div><\/a><div class=\"tmm_textblock\"><div class=\"tmm_names\"><span class=\"tmm_fname\">Giorgi<\/span> <span class=\"tmm_lname\">Sisauri<\/span><\/div><div class=\"tmm_job\">Calligrapher, Member of Board of Directors<\/div><div class=\"tmm_scblock\"><\/div><\/div><\/div><span class=\"tmm_two_containers_tablet\"><\/span><\/div><span class=\"tmm_columns_containers_desktop\"><\/span><div class=\"tmm_container\"><div class=\"tmm_member\" style=\"border-top:#333333 solid 5px;\"><div class=\"tmm_photo tmm_pic_%e1%83%99%e1%83%90%e1%83%9a%e1%83%98%e1%83%92%e1%83%a0%e1%83%90%e1%83%a4%e1%83%94%e1%83%91%e1%83%98_12\" style=\"background: url(http:\/\/gecalligraphy.com\/wp-content\/uploads\/2023\/02\/\u10e4\u10dd\u10e2\u10dd.jpg); margin-left: auto; margin-right:auto; background-size:cover !important;\"><\/div><div class=\"tmm_textblock\"><div class=\"tmm_names\"><span class=\"tmm_fname\">Ani<\/span> <span class=\"tmm_lname\">Subari<\/span><\/div><div class=\"tmm_job\">Calligrapher<\/div><div class=\"tmm_scblock\"><\/div><\/div><\/div><div class=\"tmm_member\" style=\"border-top:#333333 solid 5px;\"><div class=\"tmm_photo tmm_pic_%e1%83%99%e1%83%90%e1%83%9a%e1%83%98%e1%83%92%e1%83%a0%e1%83%90%e1%83%a4%e1%83%94%e1%83%91%e1%83%98_13\" style=\"background: url(http:\/\/gecalligraphy.com\/wp-content\/uploads\/2023\/02\/IMG_20230122_011809_845.jpg); margin-left: auto; margin-right:auto; background-size:cover !important;\"><\/div><div class=\"tmm_textblock\"><div class=\"tmm_names\"><span class=\"tmm_fname\">Mariam<\/span> <span class=\"tmm_lname\">Tephnadze<\/span><\/div><div class=\"tmm_job\">Calligrapher<\/div><div class=\"tmm_scblock\"><\/div><\/div><\/div><span class=\"tmm_two_containers_tablet\"><\/span><div class=\"tmm_member\" style=\"border-top:#333333 solid 5px;\"><div class=\"tmm_photo tmm_pic_%e1%83%99%e1%83%90%e1%83%9a%e1%83%98%e1%83%92%e1%83%a0%e1%83%90%e1%83%a4%e1%83%94%e1%83%91%e1%83%98_14\" style=\"background: url(http:\/\/gecalligraphers.com\/wp-content\/uploads\/woocommerce-placeholder.png); margin-left: auto; margin-right:auto; background-size:cover !important;\"><\/div><div class=\"tmm_textblock\"><div class=\"tmm_names\"><span class=\"tmm_fname\">Khatia<\/span> <span class=\"tmm_lname\">Popkhadze<\/span><\/div><div class=\"tmm_job\">Calligrapher<\/div><div class=\"tmm_scblock\"><\/div><\/div><\/div><\/div><span class=\"tmm_columns_containers_desktop\"><\/span><div class=\"tmm_container\"><div class=\"tmm_member\" style=\"border-top:#333333 solid 5px;\"><div class=\"tmm_photo tmm_pic_%e1%83%99%e1%83%90%e1%83%9a%e1%83%98%e1%83%92%e1%83%a0%e1%83%90%e1%83%a4%e1%83%94%e1%83%91%e1%83%98_15\" style=\"background: url(http:\/\/gecalligraphers.com\/wp-content\/uploads\/woocommerce-placeholder.png); margin-left: auto; margin-right:auto; background-size:cover !important;\"><\/div><div class=\"tmm_textblock\"><div class=\"tmm_names\"><span class=\"tmm_fname\">Lile<\/span> <span class=\"tmm_lname\">Chkhetiani<\/span><\/div><div class=\"tmm_job\">Calligrapher<\/div><div class=\"tmm_scblock\"><\/div><\/div><\/div><div style=\"clear:both;\"><\/div><\/div><\/div><\/div>","protected":false},"excerpt":{"rendered":"","protected":false},"author":1,"featured_media":0,"parent":0,"menu_order":0,"comment_status":"closed","ping_status":"closed","template":"","meta":{"footnotes":""},"class_list":["post-26","page","type-page","status-publish","hentry"],"_links":{"self":[{"href":"https:\/\/gecalligraphy.com\/en\/wp-json\/wp\/v2\/pages\/26","targetHints":{"allow":["GET"]}}],"collection":[{"href":"https:\/\/gecalligraphy.com\/en\/wp-json\/wp\/v2\/pages"}],"about":[{"href":"https:\/\/gecalligraphy.com\/en\/wp-json\/wp\/v2\/types\/page"}],"author":[{"embeddable":true,"href":"https:\/\/gecalligraphy.com\/en\/wp-json\/wp\/v2\/users\/1"}],"replies":[{"embeddable":true,"href":"https:\/\/gecalligraphy.com\/en\/wp-json\/wp\/v2\/comments?post=26"}],"version-history":[{"count":7,"href":"https:\/\/gecalligraphy.com\/en\/wp-json\/wp\/v2\/pages\/26\/revisions"}],"predecessor-version":[{"id":214,"href":"https:\/\/gecalligraphy.com\/en\/wp-json\/wp\/v2\/pages\/26\/revisions\/214"}],"wp:attachment":[{"href":"https:\/\/gecalligraphy.com\/en\/wp-json\/wp\/v2\/media?parent=26"}],"curies":[{"name":"wp","href":"https:\/\/api.w.org\/{rel}","templated":true}]}}